{"id":2476,"date":"2015-06-16T23:04:11","date_gmt":"2015-06-16T21:04:11","guid":{"rendered":"http:\/\/bossefoto.se\/wordpress\/?page_id=2476"},"modified":"2015-06-20T18:34:27","modified_gmt":"2015-06-20T16:34:27","slug":"bosse_2015_homepage-2","status":"publish","type":"page","link":"http:\/\/bossefoto.se\/wordpress\/","title":{"rendered":"V\u00e4lkommen till Bossefoto!"},"content":{"rendered":"<p>Sidan \u00e4r under ny konstruktion. Klicka p\u00e5 Arkiv och\/eller \u00a0Kategori f\u00f6r att se bilder m m. Ber om urs\u00e4kt f\u00f6r den tillf\u00e4lliga r\u00f6ran \ud83d\ude42 Har r\u00e5kat &#8221;klicka&#8221; s\u00f6nder min hemsida och haft en korrupt backupfil \ud83d\ude41<br \/>\nMen som sagt &#8211; sidan \u00e4r snart uppe igen och med en ny design.<\/p>\n","protected":false},"excerpt":{"rendered":"<p>Sidan \u00e4r under ny konstruktion. Klicka p\u00e5 Arkiv och\/eller \u00a0Kategori f\u00f6r att se bilder m m. Ber om urs\u00e4kt f\u00f6r den tillf\u00e4lliga r\u00f6ran \ud83d\ude42 Har r\u00e5kat &#8221;klicka&#8221; s\u00f6nder min hemsida och haft en korrupt backupfil \ud83d\ude41 Men som sagt &#8211; sidan \u00e4r snart uppe igen och med en ny design.<\/p>\n","protected":false},"author":3,"featured_media":0,"parent":0,"menu_order":0,"comment_status":"closed","ping_status":"closed","template":"","meta":[],"_links":{"self":[{"href":"http:\/\/bossefoto.se\/wordpress\/index.php?rest_route=\/wp\/v2\/pages\/2476"}],"collection":[{"href":"http:\/\/bossefoto.se\/wordpress\/index.php?rest_route=\/wp\/v2\/pages"}],"about":[{"href":"http:\/\/bossefoto.se\/wordpress\/index.php?rest_route=\/wp\/v2\/types\/page"}],"author":[{"embeddable":true,"href":"http:\/\/bossefoto.se\/wordpress\/index.php?rest_route=\/wp\/v2\/users\/3"}],"replies":[{"embeddable":true,"href":"http:\/\/bossefoto.se\/wordpress\/index.php?rest_route=%2Fwp%2Fv2%2Fcomments&post=2476"}],"version-history":[{"count":5,"href":"http:\/\/bossefoto.se\/wordpress\/index.php?rest_route=\/wp\/v2\/pages\/2476\/revisions"}],"predecessor-version":[{"id":2494,"href":"http:\/\/bossefoto.se\/wordpress\/index.php?rest_route=\/wp\/v2\/pages\/2476\/revisions\/2494"}],"wp:attachment":[{"href":"http:\/\/bossefoto.se\/wordpress\/index.php?rest_route=%2Fwp%2Fv2%2Fmedia&parent=2476"}],"curies":[{"name":"wp","href":"https:\/\/api.w.org\/{rel}","templated":true}]}}