{"id":2580,"date":"2016-01-19T10:44:06","date_gmt":"2016-01-19T09:44:06","guid":{"rendered":"http:\/\/bossefoto.se\/wordpress\/?page_id=2580"},"modified":"2016-01-19T11:22:55","modified_gmt":"2016-01-19T10:22:55","slug":"grundkurs","status":"publish","type":"page","link":"http:\/\/bossefoto.se\/wordpress\/?page_id=2580","title":{"rendered":"Fotokurs f\u00f6r nyb\u00f6rjare"},"content":{"rendered":"<p>Du har sett hur m\u00e5nga f\u00e5r till &#8221;de d\u00e4r bilderna&#8221; men du k\u00e4nner sj\u00e4lv att du inte riktigt f\u00e5r till det som du t\u00e4nkt. I min &#8221;Fotokurs f\u00f6r nyb\u00f6rjare&#8221; f\u00e5r du\u00a0l\u00e4ra dig f\u00f6rst\u00e5 din kamera och ta kontroll \u00f6ver dina bilder. Du ska inte bara ta en bild utan l\u00e4ra dig att skapa en bild. P\u00e5 kursen f\u00e5r du framf\u00f6rallt l\u00e4ra dig att hantera kameran med manuella inst\u00e4llningar men \u00e4ven f\u00f6rst\u00e5 hur de hel- och halvautomatiska inst\u00e4llningar fungerar.\u00a0Kursen \u00e4r f\u00f6rlagd i min bostad och jag tar in max 2 st kursdeltagare vid varje tillf\u00e4lle.\u00a0Detta f\u00f6r att du\/ni ska f\u00e5 full uppm\u00e4rksamhet och att vi kan ta allt i lugn och ro. Efter vi \u00e4r klara med det teoretiska inneh\u00e5llet ger vi oss iv\u00e4g i en timme och fotograferar tillsammans vid den underbara kusten vid Vilsh\u00e4rad.<\/p>\n<p>F\u00f6rst\u00e5r du hur kameran\u00a0fungerar blir det b\u00e5de roligare att fotografera och dina bilder blir b\u00e4ttre!<\/p>\n<p>Delar av kursinneh\u00e5llet:<\/p>\n<ul>\n<li>Kamerans grundl\u00e4ggande funktioner.<\/li>\n<li>Bildkomposition<\/li>\n<li>Korrekt exponering \u2013 l\u00e4sa av ett historgram och hur du uppn\u00e5r korrekt exponering.<\/li>\n<li>F\u00f6rst\u00e5else f\u00f6r bl\u00e4ndare, slutartid, br\u00e4nnvidd, ISO och vitbalans.<\/li>\n<li>Ta kontroll \u00f6ver r\u00f6relsesk\u00e4rpa, sk\u00e4rpedjup och brus.<\/li>\n<li>Kamerateknik, t ex hur man undviker suddiga bilder (skakningar)<\/li>\n<li>Vad kan jag g\u00f6ra med manuella inst\u00e4llningar?<\/li>\n<li>Vad ska jag t\u00e4nka p\u00e5 i motljus?<\/li>\n<li>Hur du anv\u00e4nder det befintliga ljuset.<\/li>\n<li>Blixthantering<\/li>\n<li>Vad inneb\u00e4r r\u00e5format (RAW)?<\/li>\n<li>Tips f\u00f6r b\u00e4ttre portr\u00e4tt-, macro- och landskapsbilder. Vad \u00e4r det att t\u00e4nka p\u00e5 h\u00e4r t ex vid val av inst\u00e4llningar, utrustning m m?<\/li>\n<li>Tillbeh\u00f6rstips<\/li>\n<li>Fotografering vid Vilsh\u00e4rad strand.<\/li>\n<\/ul>\n<p><strong>Datum:<\/strong><br \/>\nJag k\u00f6r kurserna fortl\u00f6pande och det \u00e4r l\u00f6rdagar och s\u00f6ndagar som g\u00e4ller tillsvidare.<br \/>\nDu h\u00f6r helt enkelt av dig enligt nedan s\u00e5 ser vi om vi kan boka en kurs vid \u00f6nskat tillf\u00e4lle.<\/p>\n<p><strong>Krav:<\/strong><br \/>\nInga f\u00f6rkunskaper kr\u00e4vs.<br \/>\nTa dock med en egen systemkamera (ska finnas m\u00f6jlighet till manuell inst\u00e4llning) och om du har kamerans instruktionsbok.<\/p>\n<p><strong>Plats:<\/strong><br \/>\nHemma hos mig p\u00e5\u00a0Hallav\u00e4gen 24 i Gullbrandstorp.<\/p>\n<p><strong>Pris:<\/strong><br \/>\n2000 kronor inkl.moms<br \/>\n1750 SEK\/st om ni \u00e4r 2 som anm\u00e4ler er <strong>tillsammans<\/strong><\/p>\n<p>Faktura skickas ut en vecka f\u00f6re kursstart och ska vara erlagd innan kursen b\u00f6rjar.<br \/>\nOm du \u00f6nskar finns det m\u00f6jlighet att dela upp betalningen p\u00e5 2 ggr.<br \/>\nFika ing\u00e5r.<\/p>\n<p><strong>Anm\u00e4lan:<\/strong><br \/>\nSkicka namn, adress, telefonnummer och \u00f6nskem\u00e5l om datum du\/ni \u00f6nskar g\u00e5 till bosse@bossefoto.se.<br \/>\nHar du n\u00e5gra speciella \u00f6nskem\u00e5l om vad du vill ska vara med p\u00e5 kursen s\u00e5 ta g\u00e4rna med det i din anm\u00e4lan.<br \/>\nDu kan \u00e4ven ringa 0738-289567 (vid uteblivet svar, l\u00e4mna namn och telefonnummer i mobilsvaret s\u00e5 ringer jag upp).<\/p>\n<p>&nbsp;<\/p>\n","protected":false},"excerpt":{"rendered":"<p>Du har sett hur m\u00e5nga f\u00e5r till &#8221;de d\u00e4r bilderna&#8221; men du k\u00e4nner sj\u00e4lv att du inte riktigt f\u00e5r till det som du t\u00e4nkt. I min &#8221;Fotokurs f\u00f6r nyb\u00f6rjare&#8221; f\u00e5r du\u00a0l\u00e4ra dig f\u00f6rst\u00e5 din kamera och ta kontroll \u00f6ver dina bilder. Du ska inte bara ta en bild utan l\u00e4ra dig att skapa en bild. [&hellip;]<\/p>\n","protected":false},"author":3,"featured_media":0,"parent":0,"menu_order":0,"comment_status":"closed","ping_status":"closed","template":"","meta":[],"_links":{"self":[{"href":"http:\/\/bossefoto.se\/wordpress\/index.php?rest_route=\/wp\/v2\/pages\/2580"}],"collection":[{"href":"http:\/\/bossefoto.se\/wordpress\/index.php?rest_route=\/wp\/v2\/pages"}],"about":[{"href":"http:\/\/bossefoto.se\/wordpress\/index.php?rest_route=\/wp\/v2\/types\/page"}],"author":[{"embeddable":true,"href":"http:\/\/bossefoto.se\/wordpress\/index.php?rest_route=\/wp\/v2\/users\/3"}],"replies":[{"embeddable":true,"href":"http:\/\/bossefoto.se\/wordpress\/index.php?rest_route=%2Fwp%2Fv2%2Fcomments&post=2580"}],"version-history":[{"count":6,"href":"http:\/\/bossefoto.se\/wordpress\/index.php?rest_route=\/wp\/v2\/pages\/2580\/revisions"}],"predecessor-version":[{"id":2586,"href":"http:\/\/bossefoto.se\/wordpress\/index.php?rest_route=\/wp\/v2\/pages\/2580\/revisions\/2586"}],"wp:attachment":[{"href":"http:\/\/bossefoto.se\/wordpress\/index.php?rest_route=%2Fwp%2Fv2%2Fmedia&parent=2580"}],"curies":[{"name":"wp","href":"https:\/\/api.w.org\/{rel}","templated":true}]}}