{"id":42,"date":"2009-08-21T14:26:27","date_gmt":"2009-08-21T12:26:27","guid":{"rendered":"http:\/\/bossefoto.se\/wordpress\/?page_id=42"},"modified":"2018-09-23T13:47:54","modified_gmt":"2018-09-23T11:47:54","slug":"prislista","status":"publish","type":"page","link":"http:\/\/bossefoto.se\/wordpress\/?page_id=42","title":{"rendered":"Prislista"},"content":{"rendered":"<p>Nedanst\u00e5ende priser avser priser till privatpersoner 2018. F\u00f6r f\u00f6retag och organisationer &#8211; v\u00e4nligen kontakta mig f\u00f6r offert.<br \/>\nAlla priser \u00e4r inkl.moms. Jag innehar F-skattsedel.<\/p>\n<p><strong>Portr\u00e4tt &#8221;Hemma hos&#8221; eller valfri utomhusplats<br \/>\n<\/strong>Barn\/syskon\/nyf\u00f6rlovade, par dokumenterade i hemma milj\u00f6 eller annan l\u00e4mplig utomhusplats.<br \/>\n<strong>Pris: 1.980 SEK.<br \/>\n<\/strong>Kostnaden debiteras via faktura 10 dagar netto efter leverans av bilderna f\u00f6r p\u00e5seende\/urval.<\/p>\n<p>I priset ing\u00e5r f\u00f6ljande:<\/p>\n<ul>\n<li>1-5 personer<\/li>\n<li>fotografering upp till 2 timmar<\/li>\n<li>2 st A4 utskrifter (format 210 mm \u00d7 297 mm)<\/li>\n<li>Alla bilder jag tycker h\u00e5ller bra kvalitet fr\u00e5n fotosessionen p\u00e5 en CD\/DVD eller nerladdning via Dropbox l\u00e5guppl\u00f6st Jpeg och oredigerade.<br \/>\n<em>(bilderna \u00e4r \u00e4ven m\u00e4rkta med mitt namn).<\/em> Kan anv\u00e4ndas till val av bilder f\u00f6r tryck och h\u00f6guppl\u00f6sta kopior.<\/li>\n<\/ul>\n<p><strong>Br\u00f6llop<\/strong><\/p>\n<p><strong>Portr\u00e4tt fotografering upp till 2 timmar f\u00f6re eller efter vigsel.<\/strong><br \/>\nPris: 5.000 SEK \/ 8.000 SEK inkl. fotobok<\/p>\n<p>I priset ing\u00e5r f\u00f6ljande:<\/p>\n<ul>\n<li>Planeringsm\u00f6te med m\u00f6jlighet till provfotografering<\/li>\n<li>fotografering upp till 2 timmar<\/li>\n<li>upp till 50 st h\u00f6guppl\u00f6sa redigerade bilder *) som jag valt ut f\u00f6r nerladdning via Dropbox.<br \/>\nTillval: Fotobok &#8211; se nedan.<\/li>\n<\/ul>\n<p><strong>Portr\u00e4tt fotografering upp till 2 timmar f\u00f6re eller efter vigsel samt vigselakt.<\/strong><br \/>\nPris: 7.000 SEK \/ 11.000 SEK inkl. fotobok<\/p>\n<ul>\n<li>Planeringsm\u00f6te med m\u00f6jlighet till provfotografering<\/li>\n<li>portr\u00e4tt fotografering upp till 2 timmar samt vigselakt<\/li>\n<li>upp till 80 st h\u00f6guppl\u00f6sta redigerade bilder *) som jag valt ut f\u00f6r nerladdning via Dropbox.<em><strong>Tillval:\u00a0LYXIG FOTOBOK MED \u00c4KTA LAY-FLAT BINDNING.<br \/>\n<\/strong><\/em>Fotobok Lyx \u00e4r fotoboken som andas elegans. Ett enast\u00e5ende vackert hantverk, perfekt l\u00e4mpad som fotobok fr\u00e5n br\u00f6llopet.\u00a0Den binds med \u00e4kta Lay-Flat teknik vilket inneb\u00e4r att sidorna l\u00e4gger sig helt plant. Lay-flat tekniken g\u00f6r att ingenting av bilden f\u00f6rsvinner i bindningen.<\/p>\n<p><i>Fedrigoni \u2013 Splendorgel Extra White.<\/i> Tjocka sidor och lyxigt premiumpapper som utstr\u00e5lar exklusivitet med sin matta\/obestruket, sl\u00e4ta och naturliga ytfinish. FSC-m\u00e4rkt vilket betyder att pappret kommer fr\u00e5n uth\u00e5lligt skogsbruk. Fotobok lyxs trycks p\u00e5 tjocka sidor, 460 gram. Trots att det \u00e4r ett obestruktet papper f\u00e5r du \u00e4nd\u00e5 levande f\u00e4rger, bra kontrast och skarpa detaljer. Splendorgels premium papper har en matt yta med en naturlig k\u00e4nsla. Tack vare dess sl\u00e4ta finish f\u00f6rsvinner on\u00f6digt bl\u00e4nk och du f\u00e5r skarpare detaljer och levande f\u00e4rger som g\u00f6r dina foton r\u00e4ttvisa.<\/p>\n<p><em>Exempel p\u00e5 fotobok kan du se h\u00e4r:\u00a0<a href=\"http:\/\/taopix.fotoklok.se\/?fsaction=Share.preview&amp;ref2=ad8e3561ae7b6b7985b5ddb4bfe7c0f4\" target=\"_blank\" rel=\"noopener\">Fotobok Kickis &amp; Mackan<br \/>\n<\/a><strong>OBS!<\/strong> M\u00e5ste \u00f6ppnas p\u00e5 en dator s\u00e5 att r\u00e4tt bildupplevelse presenteras.<\/em><\/li>\n<\/ul>\n<p><strong>*)<\/strong> Redigerade bilder inneb\u00e4r att jag bildbehandlar dem i den bildstil som representerar mig. Bilderna kan besk\u00e4ras och redigeras som jag tycker det passar in.<\/p>\n<p>&nbsp;<\/p>\n<p><strong><em>V\u00e4lj till:<\/em><\/strong><\/p>\n<p><strong>Digitala Bilder H\u00f6guppl\u00f6st f\u00f6r nedladdning via Dropbox\u00a0<\/strong>&#8211; (fullt bearbetade med bildbehandling enligt era \u00f6nskem\u00e5l)<br \/>\nNi har d\u00e4rmed m\u00f6jlighet att g\u00f6ra egna utskrifter och f\u00f6rstorningar hur mycket ni vill f\u00f6r privat bruk.<\/p>\n<ul>\n<li>1- 5 bilder 500 kr<\/li>\n<li>10 bilder 900 kr<\/li>\n<li>15 bilder 1200 kr<\/li>\n<li>20 bilder 1700 kr<\/li>\n<li>30 bilder 2000 kr<\/li>\n<li>50 bilder 2700 kr<\/li>\n<li>100 bilder 4700 kr<\/li>\n<\/ul>\n<p><strong>Utskrift p\u00e5 riktigt fotopapper<\/strong> (dock inget album)<\/p>\n<ul>\n<li>10\u00d715 cm 100 kr<\/li>\n<li>15\u00d715 cm 130 kr<\/li>\n<li>13&#215;18 cm 140 kr<\/li>\n<li>18&#215;18 cm 220 kr<\/li>\n<li>13\u00d719 cm 130 kr<\/li>\n<li>15\u00d723 cm 180 kr<\/li>\n<li>21\u00d730 cm 290 kr<\/li>\n<li>21\u00d721 cm 290 kr<\/li>\n<li>24\u00d724 cm 320 kr<\/li>\n<\/ul>\n<p><strong>Canvas med 4 cm ki<\/strong><strong>lram<\/strong><\/p>\n<ul>\n<li>50&#215;50 1390 kr<\/li>\n<li>40&#215;60 1390 kr<\/li>\n<li>50&#215;60 1490 kr<\/li>\n<li>50&#215;70 1592 kr<\/li>\n<li>60&#215;60 1522 kr<\/li>\n<li>70&#215;70 1748 kr<\/li>\n<li>70&#215;100 2068 kr<\/li>\n<\/ul>\n<p><strong><br \/>\n<\/strong><strong><em>Allm\u00e4nt:<br \/>\n<\/em><\/strong><strong><br \/>\nMilers\u00e4ttning:<br \/>\n<\/strong>Inom Halmstad Kommun utg\u00e5r ingen milers\u00e4ttning. Utanf\u00f6r Halmstad Kommun tillkommer 3:50 Km med utg\u00e5ngspunkt fr\u00e5n Gullbrandstorp.<\/p>\n<p><strong>R\u00e4ttigheter:<\/strong><br \/>\nAlla bildr\u00e4ttigheter tillh\u00f6r mig och bilderna f\u00e5r endast anv\u00e4ndas f\u00f6r privat bruk.<br \/>\nVid anv\u00e4ndning av best\u00e4llda bilder f\u00f6r kommersiellt bruk tillkommer priser enligt BLF:s prislista.<br \/>\nJag f\u00e5r marknadsf\u00f6ra bilderna p\u00e5 hemsida, sociala medier och i trycksaker utan f\u00f6rbeh\u00e5ll.<\/p>\n<p><strong>Betalningsvillkor:<\/strong><br \/>\n10 dagar netto. Efter f\u00f6rfallodagen debiteras r\u00e4nta enligt R\u00e4ntelagen.<\/p>\n<p><strong>Leveransvillkor:<\/strong><br \/>\nPostens och framkallningsbolagets avgifter (t ex Crimson som jag anv\u00e4nder mig ofta av) f\u00f6r porto vid bildleverans tillkommer.<\/p>\n","protected":false},"excerpt":{"rendered":"<p>Nedanst\u00e5ende priser avser priser till privatpersoner 2018. F\u00f6r f\u00f6retag och organisationer &#8211; v\u00e4nligen kontakta mig f\u00f6r offert. Alla priser \u00e4r inkl.moms. Jag innehar F-skattsedel. Portr\u00e4tt &#8221;Hemma hos&#8221; eller valfri utomhusplats Barn\/syskon\/nyf\u00f6rlovade, par dokumenterade i hemma milj\u00f6 eller annan l\u00e4mplig utomhusplats. Pris: 1.980 SEK. Kostnaden debiteras via faktura 10 dagar netto efter leverans av bilderna f\u00f6r [&hellip;]<\/p>\n","protected":false},"author":3,"featured_media":0,"parent":0,"menu_order":0,"comment_status":"closed","ping_status":"open","template":"","meta":[],"_links":{"self":[{"href":"http:\/\/bossefoto.se\/wordpress\/index.php?rest_route=\/wp\/v2\/pages\/42"}],"collection":[{"href":"http:\/\/bossefoto.se\/wordpress\/index.php?rest_route=\/wp\/v2\/pages"}],"about":[{"href":"http:\/\/bossefoto.se\/wordpress\/index.php?rest_route=\/wp\/v2\/types\/page"}],"author":[{"embeddable":true,"href":"http:\/\/bossefoto.se\/wordpress\/index.php?rest_route=\/wp\/v2\/users\/3"}],"replies":[{"embeddable":true,"href":"http:\/\/bossefoto.se\/wordpress\/index.php?rest_route=%2Fwp%2Fv2%2Fcomments&post=42"}],"version-history":[{"count":7,"href":"http:\/\/bossefoto.se\/wordpress\/index.php?rest_route=\/wp\/v2\/pages\/42\/revisions"}],"predecessor-version":[{"id":2611,"href":"http:\/\/bossefoto.se\/wordpress\/index.php?rest_route=\/wp\/v2\/pages\/42\/revisions\/2611"}],"wp:attachment":[{"href":"http:\/\/bossefoto.se\/wordpress\/index.php?rest_route=%2Fwp%2Fv2%2Fmedia&parent=42"}],"curies":[{"name":"wp","href":"https:\/\/api.w.org\/{rel}","templated":true}]}}